{"id":1167,"date":"2016-08-04T08:17:13","date_gmt":"2016-08-04T08:17:13","guid":{"rendered":"http:\/\/www.bluetec.dk\/?page_id=6"},"modified":"2020-03-19T14:35:27","modified_gmt":"2020-03-19T14:35:27","slug":"facilities","status":"publish","type":"page","link":"https:\/\/www.bluetec.dk\/index.php\/facilities\/","title":{"rendered":"Facilities"},"content":{"rendered":"<p><div class=\"fusion-fullwidth fullwidth-box fusion-builder-row-1 nonhundred-percent-fullwidth non-hundred-percent-height-scrolling\" style=\"--awb-border-radius-top-left:0px;--awb-border-radius-top-right:0px;--awb-border-radius-bottom-right:0px;--awb-border-radius-bottom-left:0px;--awb-padding-top:51px;--awb-flex-wrap:wrap;\" ><div class=\"fusion-builder-row fusion-row\"><div class=\"fusion-layout-column fusion_builder_column fusion-builder-column-0 fusion_builder_column_1_2 1_2 fusion-one-half fusion-column-first\" style=\"--awb-bg-size:cover;width:50%;width:calc(50% - ( ( 4% ) * 0.5 ) );margin-right: 4%;\"><div class=\"fusion-column-wrapper fusion-column-has-shadow fusion-flex-column-wrapper-legacy\"><div class=\"fusion-image-element in-legacy-container\" style=\"--awb-caption-title-font-family:var(--h2_typography-font-family);--awb-caption-title-font-weight:var(--h2_typography-font-weight);--awb-caption-title-font-style:var(--h2_typography-font-style);--awb-caption-title-size:var(--h2_typography-font-size);--awb-caption-title-transform:var(--h2_typography-text-transform);--awb-caption-title-line-height:var(--h2_typography-line-height);--awb-caption-title-letter-spacing:var(--h2_typography-letter-spacing);\"><span class=\" fusion-imageframe imageframe-none imageframe-1 hover-type-none\"><img decoding=\"async\" width=\"2560\" height=\"1441\" title=\"DSC00876 (3)\" src=\"https:\/\/www.bluetec.dk\/wp-content\/uploads\/2020\/03\/DSC00876-3-scaled.jpg\" alt class=\"img-responsive wp-image-1197\" srcset=\"https:\/\/www.bluetec.dk\/wp-content\/uploads\/2020\/03\/DSC00876-3-200x113.jpg 200w, https:\/\/www.bluetec.dk\/wp-content\/uploads\/2020\/03\/DSC00876-3-400x225.jpg 400w, https:\/\/www.bluetec.dk\/wp-content\/uploads\/2020\/03\/DSC00876-3-600x338.jpg 600w, https:\/\/www.bluetec.dk\/wp-content\/uploads\/2020\/03\/DSC00876-3-800x450.jpg 800w, https:\/\/www.bluetec.dk\/wp-content\/uploads\/2020\/03\/DSC00876-3-1200x675.jpg 1200w, https:\/\/www.bluetec.dk\/wp-content\/uploads\/2020\/03\/DSC00876-3-scaled.jpg 2560w\" sizes=\"(max-width: 1000px) 100vw, 600px\" \/><\/span><\/div><div class=\"fusion-sep-clear\"><\/div><div class=\"fusion-separator fusion-full-width-sep\" style=\"margin-left: auto;margin-right: auto;margin-top:10px;width:100%;\"><\/div><div class=\"fusion-sep-clear\"><\/div><div class=\"fusion-image-element in-legacy-container\" style=\"--awb-caption-title-font-family:var(--h2_typography-font-family);--awb-caption-title-font-weight:var(--h2_typography-font-weight);--awb-caption-title-font-style:var(--h2_typography-font-style);--awb-caption-title-size:var(--h2_typography-font-size);--awb-caption-title-transform:var(--h2_typography-text-transform);--awb-caption-title-line-height:var(--h2_typography-line-height);--awb-caption-title-letter-spacing:var(--h2_typography-letter-spacing);\"><span class=\" fusion-imageframe imageframe-none imageframe-2 hover-type-none\"><img decoding=\"async\" width=\"2560\" height=\"1440\" title=\"DSC00957 (4)\" src=\"https:\/\/www.bluetec.dk\/wp-content\/uploads\/2020\/03\/DSC00957-4-scaled.jpg\" alt class=\"img-responsive wp-image-1243\" srcset=\"https:\/\/www.bluetec.dk\/wp-content\/uploads\/2020\/03\/DSC00957-4-200x113.jpg 200w, https:\/\/www.bluetec.dk\/wp-content\/uploads\/2020\/03\/DSC00957-4-400x225.jpg 400w, https:\/\/www.bluetec.dk\/wp-content\/uploads\/2020\/03\/DSC00957-4-600x338.jpg 600w, https:\/\/www.bluetec.dk\/wp-content\/uploads\/2020\/03\/DSC00957-4-800x450.jpg 800w, https:\/\/www.bluetec.dk\/wp-content\/uploads\/2020\/03\/DSC00957-4-1200x675.jpg 1200w, https:\/\/www.bluetec.dk\/wp-content\/uploads\/2020\/03\/DSC00957-4-scaled.jpg 2560w\" sizes=\"(max-width: 1000px) 100vw, 600px\" \/><\/span><\/div><div class=\"fusion-text fusion-text-1\"><p class=\"Standard\"><b style=\"color: #333333; font-size: 16px;\" data-fusion-font=\"true\">13 m3\/t kolloid holdigt vand fra bassinbund til overl\u00f8bsrende.<\/b><\/p>\n<\/div><iframe src=\"https:\/\/www.facebook.com\/plugins\/video.php?href=https%3A%2F%2Fwww.facebook.com%2Fmikaelbluetec%2Fvideos%2F526595138207001%2F&show_text=0&width=560\" width=\"560\" height=\"315\" style=\"border:none;overflow:hidden\" scrolling=\"no\" frameborder=\"0\" allowTransparency=\"true\" allowFullScreen=\"true\"><\/iframe><div class=\"fusion-sep-clear\"><\/div><div class=\"fusion-separator fusion-full-width-sep\" style=\"margin-left: auto;margin-right: auto;margin-top:5px;margin-bottom:5px;width:100%;\"><\/div><div class=\"fusion-sep-clear\"><\/div><div class=\"fusion-clearfix\"><\/div><\/div><\/div><div class=\"fusion-layout-column fusion_builder_column fusion-builder-column-1 fusion_builder_column_1_2 1_2 fusion-one-half fusion-column-last\" style=\"--awb-bg-size:cover;width:50%;width:calc(50% - ( ( 4% ) * 0.5 ) );\"><div class=\"fusion-column-wrapper fusion-column-has-shadow fusion-flex-column-wrapper-legacy\"><div class=\"fusion-text fusion-text-2\"><p class=\"Standard\" style=\"text-align: left;\" align=\"center\"><b style=\"font-size: 22px; color: #333333;\" data-fusion-font=\"true\">Slangebundsugere fra Bluetec<\/b><\/p>\n<p>Slangebundsugeren Viking er udviklet efter ren dansk tankegang. Den innovative teknologi suger direkte til bassinets filteranl\u00e6g. Med Vikingen kan man designe sin bundsugning og ops\u00e6tte det optimale reng\u00f8ringsprogram, s\u00e5 det passer til de unikke forhold der er g\u00e6ldende for din sv\u00f8mmehal \u2013 f.eks. hastigheder, tidsprogram og antal m3 bundvand, der skal sendes til rensning i bassinets filtreringsanl\u00e6g i k\u00e6lderen.<\/p>\n<p>Data for slangebundsugeren Viking:<\/p>\n<p>Viking robotten suger 13 m3 bundvand til bassinets filter anl\u00e6g pr. time<\/p>\n<p>Start og sluttider, k\u00f8rehastighed og k\u00f8rselsm\u00f8nstre er programmerbare sammen med en m\u00e6ngde andre parametre. Alt s\u00e6ttes op af Bluetec.<\/p>\n<p>Selve k\u00f8rslen styres af IR sensorer og elektronisk gyro. Det betyder at den tilpasser sig det enkelte bassin inden for de parametre, vi v\u00e6lger at programmere den til.<\/p>\n<p>Den har en transportvogn med l\u00f8ftekran \u2013 robotten kan betjenes ergonomisk korrekt.<\/p>\n<p>V\u00e6gt for vogn: 120 kg. Let at rulle.<\/p>\n<p>Prim\u00e6r forsyning er 230 V. Sekund\u00e6r er 24 V.<\/p>\n<p>V\u00e6gt for Viking: 22-24 kg, afh\u00e6ngig af st\u00f8rrelse. Den l\u00f8ftes af kran.<\/p>\n<\/div><div class=\"fusion-clearfix\"><\/div><\/div><\/div><\/div><\/div><div class=\"fusion-fullwidth fullwidth-box fusion-builder-row-2 nonhundred-percent-fullwidth non-hundred-percent-height-scrolling\" style=\"--awb-border-radius-top-left:0px;--awb-border-radius-top-right:0px;--awb-border-radius-bottom-right:0px;--awb-border-radius-bottom-left:0px;--awb-padding-top:51px;--awb-flex-wrap:wrap;\" ><div class=\"fusion-builder-row fusion-row\"><div class=\"fusion-layout-column fusion_builder_column fusion-builder-column-2 fusion_builder_column_1_2 1_2 fusion-one-half fusion-column-first\" style=\"--awb-bg-size:cover;width:50%;width:calc(50% - ( ( 4% ) * 0.5 ) );margin-right: 4%;\"><div class=\"fusion-column-wrapper fusion-column-has-shadow fusion-flex-column-wrapper-legacy\"><div class=\"fusion-image-element in-legacy-container\" style=\"--awb-caption-title-font-family:var(--h2_typography-font-family);--awb-caption-title-font-weight:var(--h2_typography-font-weight);--awb-caption-title-font-style:var(--h2_typography-font-style);--awb-caption-title-size:var(--h2_typography-font-size);--awb-caption-title-transform:var(--h2_typography-text-transform);--awb-caption-title-line-height:var(--h2_typography-line-height);--awb-caption-title-letter-spacing:var(--h2_typography-letter-spacing);\"><span class=\" fusion-imageframe imageframe-none imageframe-3 hover-type-none\"><img decoding=\"async\" width=\"645\" height=\"860\" title=\"Baneteovs strammer\" src=\"https:\/\/www.bluetec.dk\/wp-content\/uploads\/2020\/03\/Baneteovs-strammer.jpg\" alt class=\"img-responsive wp-image-1200\" srcset=\"https:\/\/www.bluetec.dk\/wp-content\/uploads\/2020\/03\/Baneteovs-strammer-200x267.jpg 200w, https:\/\/www.bluetec.dk\/wp-content\/uploads\/2020\/03\/Baneteovs-strammer-400x533.jpg 400w, https:\/\/www.bluetec.dk\/wp-content\/uploads\/2020\/03\/Baneteovs-strammer-600x800.jpg 600w, https:\/\/www.bluetec.dk\/wp-content\/uploads\/2020\/03\/Baneteovs-strammer.jpg 645w\" sizes=\"(max-width: 1000px) 100vw, 600px\" \/><\/span><\/div><div class=\"fusion-sep-clear\"><\/div><div class=\"fusion-separator fusion-full-width-sep\" style=\"margin-left: auto;margin-right: auto;margin-top:10px;width:100%;\"><\/div><div class=\"fusion-sep-clear\"><\/div><div class=\"fusion-sep-clear\"><\/div><div class=\"fusion-separator fusion-full-width-sep\" style=\"margin-left: auto;margin-right: auto;margin-top:5px;margin-bottom:5px;width:100%;\"><\/div><div class=\"fusion-sep-clear\"><\/div><div class=\"fusion-clearfix\"><\/div><\/div><\/div><div class=\"fusion-layout-column fusion_builder_column fusion-builder-column-3 fusion_builder_column_1_2 1_2 fusion-one-half fusion-column-last\" style=\"--awb-bg-size:cover;width:50%;width:calc(50% - ( ( 4% ) * 0.5 ) );\"><div class=\"fusion-column-wrapper fusion-column-has-shadow fusion-flex-column-wrapper-legacy\"><div class=\"fusion-text fusion-text-3\"><p class=\"Standard\" align=\"center\" style=\"text-align: left;\"><b data-fusion-font=\"true\" style=\"font-size: 22px; color: #333333;\">Bluetec Banetovstrammer<\/b><\/p>\n<p><b style=\"color: rgb(51, 51, 51);\">Fabrikat:  Bluetec<\/b><\/p>\n<p>For optimal k\u00f8rsel med bundsuger er det vigtigt banetovene er strammet sammen, s\u00e5 de ikke fanger bundsugerens forsyningskabel eller slange.<\/p>\n<p>Af hensyn til konkurrencesv\u00f8mmerne er det en fordel at banetovene ligger ens med markeringerne over for hinanden.<\/p>\n<p>Strammerne er udf\u00f8rt af rustfrit st\u00e5l og er konstrueret s\u00e5 de ikke klipper banetovenes wirer over.<\/p>\n<p>OBS. Det er tidsbesparende at undg\u00e5 at skulle tage banetove ind hver aften, for igen at skulle l\u00e6gge dem i om morgenen.<\/p>\n<p>Strammerne monteres p\u00e5 banetovene imens de ligger i vandet.<\/p>\n<\/div><div class=\"fusion-clearfix\"><\/div><\/div><\/div><\/div><\/div><div class=\"fusion-fullwidth fullwidth-box fusion-builder-row-3 nonhundred-percent-fullwidth non-hundred-percent-height-scrolling\" style=\"--awb-border-radius-top-left:0px;--awb-border-radius-top-right:0px;--awb-border-radius-bottom-right:0px;--awb-border-radius-bottom-left:0px;--awb-padding-top:51px;--awb-flex-wrap:wrap;\" ><div class=\"fusion-builder-row fusion-row\"><div class=\"fusion-layout-column fusion_builder_column fusion-builder-column-4 fusion_builder_column_1_2 1_2 fusion-one-half fusion-column-first\" style=\"--awb-bg-size:cover;width:50%;width:calc(50% - ( ( 4% ) * 0.5 ) );margin-right: 4%;\"><div class=\"fusion-column-wrapper fusion-column-has-shadow fusion-flex-column-wrapper-legacy\"><div class=\"fusion-image-element in-legacy-container\" style=\"--awb-caption-title-font-family:var(--h2_typography-font-family);--awb-caption-title-font-weight:var(--h2_typography-font-weight);--awb-caption-title-font-style:var(--h2_typography-font-style);--awb-caption-title-size:var(--h2_typography-font-size);--awb-caption-title-transform:var(--h2_typography-text-transform);--awb-caption-title-line-height:var(--h2_typography-line-height);--awb-caption-title-letter-spacing:var(--h2_typography-letter-spacing);\"><span class=\" fusion-imageframe imageframe-none imageframe-4 hover-type-none\"><img decoding=\"async\" width=\"2560\" height=\"1440\" title=\"20180428_114257 (1)\" src=\"https:\/\/www.bluetec.dk\/wp-content\/uploads\/2020\/03\/20180428_114257-1-scaled.jpg\" alt class=\"img-responsive wp-image-1201\" srcset=\"https:\/\/www.bluetec.dk\/wp-content\/uploads\/2020\/03\/20180428_114257-1-200x113.jpg 200w, https:\/\/www.bluetec.dk\/wp-content\/uploads\/2020\/03\/20180428_114257-1-400x225.jpg 400w, https:\/\/www.bluetec.dk\/wp-content\/uploads\/2020\/03\/20180428_114257-1-600x338.jpg 600w, https:\/\/www.bluetec.dk\/wp-content\/uploads\/2020\/03\/20180428_114257-1-800x450.jpg 800w, https:\/\/www.bluetec.dk\/wp-content\/uploads\/2020\/03\/20180428_114257-1-1200x675.jpg 1200w, https:\/\/www.bluetec.dk\/wp-content\/uploads\/2020\/03\/20180428_114257-1-scaled.jpg 2560w\" sizes=\"(max-width: 1000px) 100vw, 600px\" \/><\/span><\/div><div class=\"fusion-sep-clear\"><\/div><div class=\"fusion-separator fusion-full-width-sep\" style=\"margin-left: auto;margin-right: auto;margin-top:10px;width:100%;\"><\/div><div class=\"fusion-sep-clear\"><\/div><div class=\"fusion-sep-clear\"><\/div><div class=\"fusion-separator fusion-full-width-sep\" style=\"margin-left: auto;margin-right: auto;margin-top:5px;margin-bottom:5px;width:100%;\"><\/div><div class=\"fusion-sep-clear\"><\/div><div class=\"fusion-clearfix\"><\/div><\/div><\/div><div class=\"fusion-layout-column fusion_builder_column fusion-builder-column-5 fusion_builder_column_1_2 1_2 fusion-one-half fusion-column-last\" style=\"--awb-bg-size:cover;width:50%;width:calc(50% - ( ( 4% ) * 0.5 ) );\"><div class=\"fusion-column-wrapper fusion-column-has-shadow fusion-flex-column-wrapper-legacy\"><div class=\"fusion-text fusion-text-4\"><p class=\"Standard\" style=\"text-align: left;\" align=\"center\"><b style=\"font-size: 22px; color: #333333;\" data-fusion-font=\"true\">Slangevogne fra Bluetec<\/b><\/p>\n<p><b style=\"color: rgb(51, 51, 51);\">Fabrikat: Bluetec<\/b><\/p>\n<p>Slangevogn til Viking sugeslange.<\/p>\n<p>Fremstillet i aluminium med let rullende og l\u00e5sbare hjul.<\/p>\n<p>Kan udrustes med k\u00f8reh\u00e5ndtag.<\/p>\n<p>F\u00e5s i forskellige udgaver.<\/p>\n<\/div><div class=\"fusion-clearfix\"><\/div><\/div><\/div><\/div><\/div><\/p>\n","protected":false},"excerpt":{"rendered":"","protected":false},"author":1,"featured_media":0,"parent":0,"menu_order":0,"comment_status":"closed","ping_status":"closed","template":"100-width.php","meta":{"footnotes":""},"class_list":["post-1167","page","type-page","status-publish","hentry"],"_links":{"self":[{"href":"https:\/\/www.bluetec.dk\/index.php\/wp-json\/wp\/v2\/pages\/1167","targetHints":{"allow":["GET"]}}],"collection":[{"href":"https:\/\/www.bluetec.dk\/index.php\/wp-json\/wp\/v2\/pages"}],"about":[{"href":"https:\/\/www.bluetec.dk\/index.php\/wp-json\/wp\/v2\/types\/page"}],"author":[{"embeddable":true,"href":"https:\/\/www.bluetec.dk\/index.php\/wp-json\/wp\/v2\/users\/1"}],"replies":[{"embeddable":true,"href":"https:\/\/www.bluetec.dk\/index.php\/wp-json\/wp\/v2\/comments?post=1167"}],"version-history":[{"count":7,"href":"https:\/\/www.bluetec.dk\/index.php\/wp-json\/wp\/v2\/pages\/1167\/revisions"}],"predecessor-version":[{"id":1244,"href":"https:\/\/www.bluetec.dk\/index.php\/wp-json\/wp\/v2\/pages\/1167\/revisions\/1244"}],"wp:attachment":[{"href":"https:\/\/www.bluetec.dk\/index.php\/wp-json\/wp\/v2\/media?parent=1167"}],"curies":[{"name":"wp","href":"https:\/\/api.w.org\/{rel}","templated":true}]}}