{"id":1214,"date":"2020-03-17T14:47:21","date_gmt":"2020-03-17T14:47:21","guid":{"rendered":"http:\/\/www.bluetec.dk\/?page_id=1214"},"modified":"2020-03-18T14:45:26","modified_gmt":"2020-03-18T14:45:26","slug":"visioner","status":"publish","type":"page","link":"https:\/\/www.bluetec.dk\/index.php\/visioner\/","title":{"rendered":"VISIONER"},"content":{"rendered":"<div class=\"fusion-fullwidth fullwidth-box fusion-builder-row-1 nonhundred-percent-fullwidth non-hundred-percent-height-scrolling\" style=\"--awb-border-radius-top-left:0px;--awb-border-radius-top-right:0px;--awb-border-radius-bottom-right:0px;--awb-border-radius-bottom-left:0px;--awb-padding-top:51px;--awb-flex-wrap:wrap;\" ><div class=\"fusion-builder-row fusion-row\"><div class=\"fusion-layout-column fusion_builder_column fusion-builder-column-0 fusion_builder_column_1_2 1_2 fusion-one-half fusion-column-first\" style=\"--awb-bg-size:cover;width:50%;width:calc(50% - ( ( 4% ) * 0.5 ) );margin-right: 4%;\"><div class=\"fusion-column-wrapper fusion-column-has-shadow fusion-flex-column-wrapper-legacy\"><div class=\"fusion-image-element in-legacy-container\" style=\"--awb-max-width:500PX;--awb-caption-title-font-family:var(--h2_typography-font-family);--awb-caption-title-font-weight:var(--h2_typography-font-weight);--awb-caption-title-font-style:var(--h2_typography-font-style);--awb-caption-title-size:var(--h2_typography-font-size);--awb-caption-title-transform:var(--h2_typography-text-transform);--awb-caption-title-line-height:var(--h2_typography-line-height);--awb-caption-title-letter-spacing:var(--h2_typography-letter-spacing);\"><span class=\" fusion-imageframe imageframe-none imageframe-1 hover-type-none\"><img decoding=\"async\" width=\"655\" height=\"960\" title=\"image\" src=\"https:\/\/www.bluetec.dk\/wp-content\/uploads\/2020\/03\/image.png\" alt class=\"img-responsive wp-image-1217\" srcset=\"https:\/\/www.bluetec.dk\/wp-content\/uploads\/2020\/03\/image-200x293.png 200w, https:\/\/www.bluetec.dk\/wp-content\/uploads\/2020\/03\/image-400x586.png 400w, https:\/\/www.bluetec.dk\/wp-content\/uploads\/2020\/03\/image-600x879.png 600w, https:\/\/www.bluetec.dk\/wp-content\/uploads\/2020\/03\/image.png 655w\" sizes=\"(max-width: 1000px) 100vw, 600px\" \/><\/span><\/div><div class=\"fusion-sep-clear\"><\/div><div class=\"fusion-separator fusion-full-width-sep\" style=\"margin-left: auto;margin-right: auto;margin-top:10px;width:100%;\"><\/div><div class=\"fusion-sep-clear\"><\/div><div class=\"fusion-sep-clear\"><\/div><div class=\"fusion-separator fusion-full-width-sep\" style=\"margin-left: auto;margin-right: auto;margin-top:5px;margin-bottom:5px;width:100%;\"><\/div><div class=\"fusion-sep-clear\"><\/div><div class=\"fusion-clearfix\"><\/div><\/div><\/div><div class=\"fusion-layout-column fusion_builder_column fusion-builder-column-1 fusion_builder_column_1_2 1_2 fusion-one-half fusion-column-last\" style=\"--awb-bg-size:cover;width:50%;width:calc(50% - ( ( 4% ) * 0.5 ) );\"><div class=\"fusion-column-wrapper fusion-column-has-shadow fusion-flex-column-wrapper-legacy\"><div class=\"fusion-text fusion-text-1\"><p><b style=\"color: rgb(51, 51, 51); font-size: 20px;\" data-fusion-font=\"true\">Mine visioner med Bluetec:<\/b><\/p>\n<p>Mit navn er Mikael Jakobsen og min passion er et sundt milj\u00f8 i din sv\u00f8mmehal. \u2013 Renere luft. Det rigtige l\u00f8ft.<\/p>\n<p>Bluetec leverer kvalitetsteknologi, der g\u00f8r en positiv forskel for hverdagen i sv\u00f8mmehallen \u2013 ikke kun for brugerne men ogs\u00e5 for personalet. De kan v\u00e6re lidt oversete. Er man med lidt tung i hovedet af luften i sv\u00f8mmehallen? Plager astmaen igen? F\u00e5r man ondt i ryggen af tunge l\u00f8ft eller bundsugning med lang stang? \u2013 det kan Bluetec alt sammen g\u00f8re noget ved.<\/p>\n<p>Jeg st\u00e5r klar ved telefonen: 52 60 33 22 ellers send en mail, s\u00e5 vender jeg tilbage.<\/p>\n<p>Med venlig hilsen<\/p>\n<p><img decoding=\"async\" class=\"alignnone size-full wp-image-1218\" src=\"https:\/\/www.bluetec.dk\/wp-content\/uploads\/2020\/03\/222.png\" alt=\"\" width=\"183\" height=\"124\"><\/p>\n<p>Direkt\u00f8r Bluetec<\/p>\n<\/div><div class=\"fusion-clearfix\"><\/div><\/div><\/div><\/div><\/div>\n","protected":false},"excerpt":{"rendered":"","protected":false},"author":1,"featured_media":0,"parent":0,"menu_order":0,"comment_status":"closed","ping_status":"closed","template":"100-width.php","meta":{"footnotes":""},"class_list":["post-1214","page","type-page","status-publish","hentry"],"_links":{"self":[{"href":"https:\/\/www.bluetec.dk\/index.php\/wp-json\/wp\/v2\/pages\/1214","targetHints":{"allow":["GET"]}}],"collection":[{"href":"https:\/\/www.bluetec.dk\/index.php\/wp-json\/wp\/v2\/pages"}],"about":[{"href":"https:\/\/www.bluetec.dk\/index.php\/wp-json\/wp\/v2\/types\/page"}],"author":[{"embeddable":true,"href":"https:\/\/www.bluetec.dk\/index.php\/wp-json\/wp\/v2\/users\/1"}],"replies":[{"embeddable":true,"href":"https:\/\/www.bluetec.dk\/index.php\/wp-json\/wp\/v2\/comments?post=1214"}],"version-history":[{"count":3,"href":"https:\/\/www.bluetec.dk\/index.php\/wp-json\/wp\/v2\/pages\/1214\/revisions"}],"predecessor-version":[{"id":1241,"href":"https:\/\/www.bluetec.dk\/index.php\/wp-json\/wp\/v2\/pages\/1214\/revisions\/1241"}],"wp:attachment":[{"href":"https:\/\/www.bluetec.dk\/index.php\/wp-json\/wp\/v2\/media?parent=1214"}],"curies":[{"name":"wp","href":"https:\/\/api.w.org\/{rel}","templated":true}]}}