{"id":1220,"date":"2020-03-17T14:55:50","date_gmt":"2020-03-17T14:55:50","guid":{"rendered":"http:\/\/www.bluetec.dk\/?page_id=1220"},"modified":"2020-03-17T14:58:44","modified_gmt":"2020-03-17T14:58:44","slug":"links","status":"publish","type":"page","link":"https:\/\/www.bluetec.dk\/index.php\/links\/","title":{"rendered":"LINKS"},"content":{"rendered":"<div class=\"fusion-fullwidth fullwidth-box fusion-builder-row-1 nonhundred-percent-fullwidth non-hundred-percent-height-scrolling\" style=\"--awb-border-radius-top-left:0px;--awb-border-radius-top-right:0px;--awb-border-radius-bottom-right:0px;--awb-border-radius-bottom-left:0px;--awb-padding-top:51px;--awb-flex-wrap:wrap;\" ><div class=\"fusion-builder-row fusion-row\"><div class=\"fusion-layout-column fusion_builder_column fusion-builder-column-0 fusion_builder_column_1_1 1_1 fusion-one-full fusion-column-first fusion-column-last\" style=\"--awb-bg-size:cover;\"><div class=\"fusion-column-wrapper fusion-column-has-shadow fusion-flex-column-wrapper-legacy\"><div class=\"fusion-text fusion-text-1\"><p class=\"Standard\" style=\"text-align: left;\" align=\"center\"><b style=\"font-size: 22px; color: #333333;\" data-fusion-font=\"true\">Links<\/b><\/p>\n<p><b>Her er nogle f\u00e5 links til sites der beskriver hvad der fremkalder feks. astma hos sv\u00f8mmere og personale i sv\u00f8mmebade.<\/b><\/p>\n<ul>\n<li><a href=\"https:\/\/asthma.net\/living\/swimming-pools-triggers\/\"><span style=\"background-color: rgba(255, 255, 255, 0); color: var(--body_typography-color); font-family: var(--body_typography-font-family); font-size: var(--body_typography-font-size); font-style: var(--body_typography-font-style,normal); letter-spacing: var(--body_typography-letter-spacing);\">https:\/\/asthma.net\/living\/swimming-pools-triggers\/<\/span><\/a><\/li>\n<li><a href=\"https:\/\/www.abc.net.au\/health\/thepulse\/stories\/2010\/01\/28\/2803528.htm\"><span style=\"background-color: rgba(255, 255, 255, 0); color: var(--body_typography-color); font-family: var(--body_typography-font-family); font-size: var(--body_typography-font-size); font-style: var(--body_typography-font-style,normal); letter-spacing: var(--body_typography-letter-spacing);\">https:\/\/www.abc.net.au\/health\/thepulse\/stories\/2010\/01\/28\/2803528.htm<\/span><\/a><\/li>\n<li><a href=\"https:\/\/www.researchgate.net\/publication\/49600287_Potential_negative_effects_of_chlorinated_swimming_pool_attendance_on_health_of_swimmers_and_associated_staff\"><span style=\"background-color: rgba(255, 255, 255, 0); color: var(--body_typography-color); font-family: var(--body_typography-font-family); font-size: var(--body_typography-font-size); font-style: var(--body_typography-font-style,normal); letter-spacing: var(--body_typography-letter-spacing);\">https:\/\/www.researchgate.net\/publication\/49600287_Potential_negative_effects_of_chlorinated_swimming_pool_attendance_on_health_of_swimmers_and_associated_staff<\/span><\/a><\/li>\n<li><a href=\"https:\/\/www.reuters.com\/article\/us-health-asthma-swimmers-idUSKBN0MT2I620150402\"><span style=\"background-color: rgba(255, 255, 255, 0); color: var(--body_typography-color); font-family: var(--body_typography-font-family); font-size: var(--body_typography-font-size); font-style: var(--body_typography-font-style,normal); letter-spacing: var(--body_typography-letter-spacing);\">https:\/\/www.reuters.com\/article\/us-health-asthma-swimmers-idUSKBN0MT2I620150402<\/span><\/a><\/li>\n<li><a href=\"https:\/\/erj.ersjournals.com\/content\/29\/4\/690\"><span style=\"background-color: rgba(255, 255, 255, 0); color: var(--body_typography-color); font-family: var(--body_typography-font-family); font-size: var(--body_typography-font-size); font-style: var(--body_typography-font-style,normal); letter-spacing: var(--body_typography-letter-spacing);\">https:\/\/erj.ersjournals.com\/content\/29\/4\/690<\/span><\/a><\/li>\n<\/ul>\n<p>Konklusionerne er ofte at kunne vi bare undv\u00e6re kloren ville vi v\u00e6re i m\u00e5l.<\/p>\n<p>Bluetecs l\u00f8sning er at reducere indholdet af de kolloide partikler der g\u00e5r i forbindelse med kloren og dermed skaber de sundhedskadelige desinfektionsbiprodukter.<\/p>\n<\/div><div class=\"fusion-clearfix\"><\/div><\/div><\/div><\/div><\/div>\n","protected":false},"excerpt":{"rendered":"","protected":false},"author":1,"featured_media":0,"parent":0,"menu_order":0,"comment_status":"closed","ping_status":"closed","template":"100-width.php","meta":{"footnotes":""},"class_list":["post-1220","page","type-page","status-publish","hentry"],"_links":{"self":[{"href":"https:\/\/www.bluetec.dk\/index.php\/wp-json\/wp\/v2\/pages\/1220","targetHints":{"allow":["GET"]}}],"collection":[{"href":"https:\/\/www.bluetec.dk\/index.php\/wp-json\/wp\/v2\/pages"}],"about":[{"href":"https:\/\/www.bluetec.dk\/index.php\/wp-json\/wp\/v2\/types\/page"}],"author":[{"embeddable":true,"href":"https:\/\/www.bluetec.dk\/index.php\/wp-json\/wp\/v2\/users\/1"}],"replies":[{"embeddable":true,"href":"https:\/\/www.bluetec.dk\/index.php\/wp-json\/wp\/v2\/comments?post=1220"}],"version-history":[{"count":2,"href":"https:\/\/www.bluetec.dk\/index.php\/wp-json\/wp\/v2\/pages\/1220\/revisions"}],"predecessor-version":[{"id":1224,"href":"https:\/\/www.bluetec.dk\/index.php\/wp-json\/wp\/v2\/pages\/1220\/revisions\/1224"}],"wp:attachment":[{"href":"https:\/\/www.bluetec.dk\/index.php\/wp-json\/wp\/v2\/media?parent=1220"}],"curies":[{"name":"wp","href":"https:\/\/api.w.org\/{rel}","templated":true}]}}