{"id":1226,"date":"2020-03-17T15:02:08","date_gmt":"2020-03-17T15:02:08","guid":{"rendered":"http:\/\/www.bluetec.dk\/?page_id=1226"},"modified":"2020-03-18T14:44:26","modified_gmt":"2020-03-18T14:44:26","slug":"hvorfor","status":"publish","type":"page","link":"https:\/\/www.bluetec.dk\/index.php\/hvorfor\/","title":{"rendered":"HVORFOR"},"content":{"rendered":"<div class=\"fusion-fullwidth fullwidth-box fusion-builder-row-1 nonhundred-percent-fullwidth non-hundred-percent-height-scrolling\" style=\"--awb-border-radius-top-left:0px;--awb-border-radius-top-right:0px;--awb-border-radius-bottom-right:0px;--awb-border-radius-bottom-left:0px;--awb-padding-top:51px;--awb-flex-wrap:wrap;\" ><div class=\"fusion-builder-row fusion-row\"><div class=\"fusion-layout-column fusion_builder_column fusion-builder-column-0 fusion_builder_column_1_1 1_1 fusion-one-full fusion-column-first fusion-column-last\" style=\"--awb-bg-size:cover;\"><div class=\"fusion-column-wrapper fusion-column-has-shadow fusion-flex-column-wrapper-legacy\"><div class=\"fusion-text fusion-text-1\"><h4 class=\"Standard\" style=\"text-align: center;\">HVORFOR BRUGE EN BUNDSUGER MED SLANGE DIREKTE TIL FILTRERINGSANL\u00c6GGET?<\/h4>\n<p class=\"Standard\" style=\"text-align: center;\">For at erstatte kemi med mekanik.<\/p>\n<\/div><div class=\"fusion-image-element in-legacy-container\" style=\"--awb-caption-title-font-family:var(--h2_typography-font-family);--awb-caption-title-font-weight:var(--h2_typography-font-weight);--awb-caption-title-font-style:var(--h2_typography-font-style);--awb-caption-title-size:var(--h2_typography-font-size);--awb-caption-title-transform:var(--h2_typography-text-transform);--awb-caption-title-line-height:var(--h2_typography-line-height);--awb-caption-title-letter-spacing:var(--h2_typography-letter-spacing);\"><span class=\" fusion-imageframe imageframe-none imageframe-1 hover-type-none\"><img decoding=\"async\" width=\"2560\" height=\"1440\" title=\"DSC00928 (3)\" src=\"https:\/\/www.bluetec.dk\/wp-content\/uploads\/2020\/03\/DSC00928-3-scaled.jpg\" alt class=\"img-responsive wp-image-1227\" srcset=\"https:\/\/www.bluetec.dk\/wp-content\/uploads\/2020\/03\/DSC00928-3-200x113.jpg 200w, https:\/\/www.bluetec.dk\/wp-content\/uploads\/2020\/03\/DSC00928-3-400x225.jpg 400w, https:\/\/www.bluetec.dk\/wp-content\/uploads\/2020\/03\/DSC00928-3-600x338.jpg 600w, https:\/\/www.bluetec.dk\/wp-content\/uploads\/2020\/03\/DSC00928-3-800x450.jpg 800w, https:\/\/www.bluetec.dk\/wp-content\/uploads\/2020\/03\/DSC00928-3-1200x675.jpg 1200w, https:\/\/www.bluetec.dk\/wp-content\/uploads\/2020\/03\/DSC00928-3-scaled.jpg 2560w\" sizes=\"(max-width: 1000px) 100vw, 1200px\" \/><\/span><\/div><div class=\"fusion-sep-clear\"><\/div><div class=\"fusion-separator fusion-full-width-sep\" style=\"margin-left: auto;margin-right: auto;margin-top:10px;width:100%;\"><\/div><div class=\"fusion-sep-clear\"><\/div><div class=\"fusion-clearfix\"><\/div><\/div><\/div><div class=\"fusion-layout-column fusion_builder_column fusion-builder-column-1 fusion_builder_column_1_1 1_1 fusion-one-full fusion-column-first fusion-column-last\" style=\"--awb-bg-size:cover;\"><div class=\"fusion-column-wrapper fusion-column-has-shadow fusion-flex-column-wrapper-legacy\"><div class=\"fusion-text fusion-text-2\"><p>Uanset hvor godt badeg\u00e6sterne reng\u00f8r sig, vil de altid afgive organiske partikler. Mange af disse partikler er, eller opl\u00f8ses til kolloide st\u00f8rrelser* (1 My og mindre) over tid p\u00e5 bunden af sv\u00f8mmebadet. Partiklerne opl\u00f8ses her l\u00f8bende til at blive flere og mindre og f\u00e5r derved en samlet st\u00f8rre overflade. Des mindre partiklerne er, des lettere har kloren ved at reagere med dem.<\/p>\n<p>N\u00e5r g\u00e6sterne g\u00e5r hjem, s\u00e5 f\u00e5r bassinet ro til at sedimentere**- og nu skal du tr\u00e6ffe valget!<\/p>\n<p>V\u00e6lger du at bruge en posebundsuger, s\u00e5 pumper du de kolloide partikler fra bunden og op i vandet, for her at tvinge en kemisk desinfektionsproces i gang med kloren, netop fordi partiklerne er s\u00e5 sm\u00e5! Det resulterer i en r\u00e6kke u\u00f8nskede desinfektionsbiprodukter, f.eks. bundet klor og THM, som er en gasform, der g\u00f8r luften i hele sv\u00f8mmehallen f\u00f8les tungere og er mere helseskadelig at v\u00e6re i (astma, tung i hovedet). Gasserne er mest koncentreret i vandoverfladen, men alle der befinder sig i sv\u00f8mmehallen uds\u00e6ttes for dem \u2013 derfor b\u00f8r du undg\u00e5 posebundsugeren.<\/p>\n<p>V\u00e6lger du at bruge en slangebundsuger, s\u00e5 suger du de kolloide partikler op i en slange, og f\u00f8rer dem direkte til bassinets filteranl\u00e6g. Her bliver partiklerne flokkulerede*** og returskylles v\u00e6k \u2013 hermed formindsker du gasserne i sv\u00f8mmehallens klima.<\/p>\n<p>Der findes to typer bundsugere med slange: h\u00e5ndbundsugere med stang og slange og den automatiske slangebundsuger Viking. Fordelen ved Vikingen er, at den systematisk fjerner de sm\u00e5 partikler. Robotten er utr\u00e6ttelig, t\u00e5lmodig og s\u00e5 programmerer vi den bl.a. til at lede den m\u00e6ngde bundvand til filteret, som dit bassin har behov for.<\/p>\n<p>*Kolloide partikler er organiske partikler p\u00e5 1 My eller mindre<\/p>\n<p>** Sedimentering betyder at partikler synker til bunds<\/p>\n<p>*** Partikler flokkuleres til store st\u00f8rrelser, med tilsammen meget lille overflade, som kloren ikke kan g\u00e5 i kemisk proces med. De holdes tilbage af filteret. Herefter returskylles de.<\/p>\n<\/div><div class=\"fusion-clearfix\"><\/div><\/div><\/div><\/div><\/div>\n","protected":false},"excerpt":{"rendered":"","protected":false},"author":1,"featured_media":0,"parent":0,"menu_order":0,"comment_status":"closed","ping_status":"closed","template":"100-width.php","meta":{"footnotes":""},"class_list":["post-1226","page","type-page","status-publish","hentry"],"_links":{"self":[{"href":"https:\/\/www.bluetec.dk\/index.php\/wp-json\/wp\/v2\/pages\/1226","targetHints":{"allow":["GET"]}}],"collection":[{"href":"https:\/\/www.bluetec.dk\/index.php\/wp-json\/wp\/v2\/pages"}],"about":[{"href":"https:\/\/www.bluetec.dk\/index.php\/wp-json\/wp\/v2\/types\/page"}],"author":[{"embeddable":true,"href":"https:\/\/www.bluetec.dk\/index.php\/wp-json\/wp\/v2\/users\/1"}],"replies":[{"embeddable":true,"href":"https:\/\/www.bluetec.dk\/index.php\/wp-json\/wp\/v2\/comments?post=1226"}],"version-history":[{"count":3,"href":"https:\/\/www.bluetec.dk\/index.php\/wp-json\/wp\/v2\/pages\/1226\/revisions"}],"predecessor-version":[{"id":1239,"href":"https:\/\/www.bluetec.dk\/index.php\/wp-json\/wp\/v2\/pages\/1226\/revisions\/1239"}],"wp:attachment":[{"href":"https:\/\/www.bluetec.dk\/index.php\/wp-json\/wp\/v2\/media?parent=1226"}],"curies":[{"name":"wp","href":"https:\/\/api.w.org\/{rel}","templated":true}]}}